{"id":1674,"date":"2021-01-07T12:00:21","date_gmt":"2021-01-07T11:00:21","guid":{"rendered":"https:\/\/pontani.eu\/PONTANI_21\/?page_id=1674"},"modified":"2021-01-07T12:00:21","modified_gmt":"2021-01-07T11:00:21","slug":"rechtliche-hinweise","status":"publish","type":"page","link":"https:\/\/pontani.eu\/home\/rechtliche-hinweise\/","title":{"rendered":"rechtliche Hinweise"},"content":{"rendered":"<div class=\"fusion-fullwidth fullwidth-box fusion-builder-row-1 fusion-flex-container nonhundred-percent-fullwidth non-hundred-percent-height-scrolling\" style=\"background-color: rgba(244,246,248,0.46);background-position: center bottom;background-repeat: no-repeat;background-blend-mode: screen;border-width: 0px 0px 0px 0px;border-color:#eae9e9;border-style:solid;\" ><div class=\"fusion-builder-row fusion-row fusion-flex-align-items-flex-start\" style=\"max-width:1216.8px;margin-left: calc(-4% \/ 2 );margin-right: calc(-4% \/ 2 );\"><div class=\"fusion-layout-column fusion_builder_column fusion-builder-column-0 fusion_builder_column_1_1 1_1 fusion-flex-column fusion-flex-align-self-flex-start fusion-column-no-min-height\"><div class=\"fusion-column-wrapper fusion-flex-justify-content-flex-start fusion-content-layout-column\" style=\"background-position:left top;background-repeat:no-repeat;-webkit-background-size:cover;-moz-background-size:cover;-o-background-size:cover;background-size:cover;padding: 0px 0px 0px 0px;\"><div class=\"fusion-text fusion-text-1\"><p><strong>Haftungshinweis:<\/strong><br \/>\nDie Informationen auf unseren Webseiten werden mit gr\u00f6\u00dfter Sorgfalt erstellt. Wir \u00fcbernehmen jedoch keine Gew\u00e4hr f\u00fcr deren Vollst\u00e4ndigkeit, Fehlerfreiheit und Genauigkeit oder die Eignung dieser Informationen f\u00fcr bestimmte Verwendungszwecke. Trotz sorgf\u00e4ltiger inhaltlicher Kontrolle \u00fcbernehmen wir keine Haftung f\u00fcr die Inhalte externer Links. F\u00fcr den Inhalt der verlinkten Seiten sind ausschlie\u00dflich deren Betreiber verantwortlich.<\/p>\n<p><strong>Nutzungsrechte:<\/strong><br \/>\nDie Nutzung des Materials dieser Internetpr\u00e4senz ist nur mit ausdr\u00fccklicher schriftlicher Genehmigung durch uns m\u00f6glich. Dies gilt sowohl f\u00fcr Texte, Grafiken und Fotografien dieser Pr\u00e4senz.<\/p>\n<p><strong>Information nach dem Verbraucherstreitbeilegungsgesetz:<\/strong><br \/>\nEs besteht keine Verpflichtung und keine Bereitschaft zur Teilnahme an einem Streitbeilegungsverfahren vor einer Verbraucherschlichtungsstelle.<\/p>\n<\/div><\/div><style type=\"text\/css\">.fusion-body .fusion-builder-column-0{width:100% !important;margin-top : 0px;margin-bottom : 0px;}.fusion-builder-column-0 > .fusion-column-wrapper {padding-top : 0px !important;padding-right : 0px !important;margin-right : 1.92%;padding-bottom : 0px !important;padding-left : 0px !important;margin-left : 1.92%;}@media only screen and (max-width:1024px) {.fusion-body .fusion-builder-column-0{width:100% !important;}.fusion-builder-column-0 > .fusion-column-wrapper {margin-right : 1.92%;margin-left : 1.92%;}}@media only screen and (max-width:640px) {.fusion-body .fusion-builder-column-0{width:100% !important;}.fusion-builder-column-0 > .fusion-column-wrapper {margin-right : 1.92%;margin-left : 1.92%;}}<\/style><\/div><\/div><style type=\"text\/css\">.fusion-body .fusion-flex-container.fusion-builder-row-1{ padding-top : 0px;margin-top : 0px;padding-right : 0px;padding-bottom : 90px;margin-bottom : 0px;padding-left : 0px;}@media only screen and (max-width:640px) {.fusion-body .fusion-flex-container.fusion-builder-row-1{ padding-bottom : 60px;}}<\/style><\/div>\n","protected":false},"excerpt":{"rendered":"","protected":false},"author":1,"featured_media":0,"parent":0,"menu_order":0,"comment_status":"open","ping_status":"open","template":"100-width.php","meta":{"footnotes":""},"jetpack_sharing_enabled":true,"_links":{"self":[{"href":"https:\/\/pontani.eu\/home\/wp-json\/wp\/v2\/pages\/1674"}],"collection":[{"href":"https:\/\/pontani.eu\/home\/wp-json\/wp\/v2\/pages"}],"about":[{"href":"https:\/\/pontani.eu\/home\/wp-json\/wp\/v2\/types\/page"}],"author":[{"embeddable":true,"href":"https:\/\/pontani.eu\/home\/wp-json\/wp\/v2\/users\/1"}],"replies":[{"embeddable":true,"href":"https:\/\/pontani.eu\/home\/wp-json\/wp\/v2\/comments?post=1674"}],"version-history":[{"count":2,"href":"https:\/\/pontani.eu\/home\/wp-json\/wp\/v2\/pages\/1674\/revisions"}],"predecessor-version":[{"id":1676,"href":"https:\/\/pontani.eu\/home\/wp-json\/wp\/v2\/pages\/1674\/revisions\/1676"}],"wp:attachment":[{"href":"https:\/\/pontani.eu\/home\/wp-json\/wp\/v2\/media?parent=1674"}],"curies":[{"name":"wp","href":"https:\/\/api.w.org\/{rel}","templated":true}]}}